{"id":65,"date":"2026-02-21T17:43:29","date_gmt":"2026-02-21T16:43:29","guid":{"rendered":"https:\/\/bartkowka.przemyska.pl\/?page_id=65"},"modified":"2026-04-03T22:45:01","modified_gmt":"2026-04-03T20:45:01","slug":"kontakt","status":"publish","type":"page","link":"https:\/\/bartkowka.przemyska.pl\/?page_id=65","title":{"rendered":"Kontakt"},"content":{"rendered":"\t\t<div data-elementor-type=\"wp-page\" data-elementor-id=\"65\" class=\"elementor elementor-65\">\n\t\t\t\t<div class=\"elementor-element elementor-element-a697fb3 e-flex e-con-boxed e-con e-parent\" data-id=\"a697fb3\" data-element_type=\"container\" data-e-type=\"container\">\n\t\t\t\t\t<div class=\"e-con-inner\">\n\t\t\t\t<div class=\"elementor-element elementor-element-5d9d5c7 elementor-widget elementor-widget-heading\" data-id=\"5d9d5c7\" data-element_type=\"widget\" data-e-type=\"widget\" data-widget_type=\"heading.default\">\n\t\t\t\t\t<h2 class=\"elementor-heading-title elementor-size-default\">Kontakt<\/h2>\t\t\t\t<\/div>\n\t\t\t\t\t<\/div>\n\t\t\t\t<\/div>\n\t\t<div class=\"elementor-element elementor-element-a21ecbd e-flex e-con-boxed e-con e-parent\" data-id=\"a21ecbd\" data-element_type=\"container\" data-e-type=\"container\">\n\t\t\t\t\t<div class=\"e-con-inner\">\n\t\t<div class=\"elementor-element elementor-element-46ed949 e-con-full e-flex e-con e-child\" data-id=\"46ed949\" data-element_type=\"container\" data-e-type=\"container\">\n\t\t\t\t<div class=\"elementor-element elementor-element-316f11e elementor-widget elementor-widget-heading\" data-id=\"316f11e\" data-element_type=\"widget\" data-e-type=\"widget\" data-widget_type=\"heading.default\">\n\t\t\t\t\t<h3 class=\"elementor-heading-title elementor-size-default\">Dane adresowe<\/h3>\t\t\t\t<\/div>\n\t\t\t\t<div class=\"elementor-element elementor-element-e31705b elementor-widget elementor-widget-text-editor\" data-id=\"e31705b\" data-element_type=\"widget\" data-e-type=\"widget\" data-widget_type=\"text-editor.default\">\n\t\t\t\t\t\t\t\t\t<p>Parafia Rzymskokatolicka<br \/>pw. \u015bw. Bart\u0142omieja w Dynowie<br \/><a href=\"https:\/\/maps.app.goo.gl\/R27xZCgKCuAbBuWGA\" target=\"_blank\" rel=\"noopener\"><strong>ul. Bartk\u00f3wka 113A<\/strong><\/a><br \/><a href=\"https:\/\/maps.app.goo.gl\/R27xZCgKCuAbBuWGA\" target=\"_blank\" rel=\"noopener\"><strong>36-065 Dyn\u00f3w<\/strong><\/a><\/p><p>Numer telefonu:<br \/><a href=\"tel:+48 16 652 19 06\"><strong>+48 16 652 19 06<\/strong><\/a><\/p><p>Adres e-mail:<br \/><a href=\"mailto:parafia.bartkowka@gmail.com\" rel=\"noopener\"><strong>parafia.bartkowka@gmail.com<\/strong><\/a><\/p>\t\t\t\t\t\t\t\t<\/div>\n\t\t\t\t<\/div>\n\t\t<div class=\"elementor-element elementor-element-ce40c58 e-con-full e-flex e-con e-child\" data-id=\"ce40c58\" data-element_type=\"container\" data-e-type=\"container\">\n\t\t\t\t<div class=\"elementor-element elementor-element-c15fae2 elementor-widget elementor-widget-heading\" data-id=\"c15fae2\" data-element_type=\"widget\" data-e-type=\"widget\" data-widget_type=\"heading.default\">\n\t\t\t\t\t<h3 class=\"elementor-heading-title elementor-size-default\">Kancelaria Parafialna<\/h3>\t\t\t\t<\/div>\n\t\t\t\t<div class=\"elementor-element elementor-element-a91554f elementor-widget elementor-widget-text-editor\" data-id=\"a91554f\" data-element_type=\"widget\" data-e-type=\"widget\" data-widget_type=\"text-editor.default\">\n\t\t\t\t\t\t\t\t\t<p>Czynna\u00a0 w dni powszednie po Mszy \u015bwi\u0119tej<br \/><br \/><\/p><p><img decoding=\"async\" class=\"aligncenter wp-image-124 size-thumbnail\" src=\"https:\/\/bartkowka.przemyska.pl\/wp-content\/uploads\/2026\/02\/pieczatka-150x150.webp\" alt=\"pieczatka\" width=\"150\" height=\"150\" srcset=\"https:\/\/bartkowka.przemyska.pl\/wp-content\/uploads\/2026\/02\/pieczatka-150x150.webp 150w, https:\/\/bartkowka.przemyska.pl\/wp-content\/uploads\/2026\/02\/pieczatka-300x300.webp 300w, https:\/\/bartkowka.przemyska.pl\/wp-content\/uploads\/2026\/02\/pieczatka-768x768.webp 768w, https:\/\/bartkowka.przemyska.pl\/wp-content\/uploads\/2026\/02\/pieczatka.webp 800w\" sizes=\"(max-width: 150px) 100vw, 150px\" \/><\/p>\t\t\t\t\t\t\t\t<\/div>\n\t\t\t\t<\/div>\n\t\t\t\t\t<\/div>\n\t\t\t\t<\/div>\n\t\t<div class=\"elementor-element elementor-element-6101420 e-con-full e-flex e-con e-parent\" data-id=\"6101420\" data-element_type=\"container\" data-e-type=\"container\">\n\t\t\t\t<div class=\"elementor-element elementor-element-3ec4293 elementor-widget-divider--separator-type-pattern elementor-widget-divider--view-line elementor-widget elementor-widget-divider\" data-id=\"3ec4293\" data-element_type=\"widget\" data-e-type=\"widget\" data-widget_type=\"divider.default\">\n\t\t\t\t\t\t\t<div class=\"elementor-divider\" style=\"--divider-pattern-url: url(&quot;data:image\/svg+xml,%3Csvg xmlns=&#039;http:\/\/www.w3.org\/2000\/svg&#039; preserveAspectRatio=&#039;none&#039; overflow=&#039;visible&#039; height=&#039;100%&#039; viewBox=&#039;0 0 24 24&#039; fill=&#039;none&#039; stroke=&#039;black&#039; stroke-width=&#039;1&#039; stroke-linecap=&#039;square&#039; stroke-miterlimit=&#039;10&#039;%3E%3Cpolyline points=&#039;0,18 12,6 24,18 &#039;\/%3E%3C\/svg%3E&quot;);\">\n\t\t\t<span class=\"elementor-divider-separator\">\n\t\t\t\t\t\t<\/span>\n\t\t<\/div>\n\t\t\t\t\t\t<\/div>\n\t\t\t\t<div class=\"elementor-element elementor-element-a127727 elementor-widget elementor-widget-text-editor\" data-id=\"a127727\" data-element_type=\"widget\" data-e-type=\"widget\" data-widget_type=\"text-editor.default\">\n\t\t\t\t\t\t\t\t\t<p>Numer konta parafii: <br \/><strong>34 9093 0007 2001 0020 6829 0001<\/strong><br \/>Konto inwestycyjne: <br \/><strong>07 9093 0007 2001 0020 6829 0002<\/strong><br \/>Bank Sp\u00f3\u0142dzielczy w Dynowie<\/p>\t\t\t\t\t\t\t\t<\/div>\n\t\t\t\t<\/div>\n\t\t<div class=\"elementor-element elementor-element-d3cd8ae e-con-full e-flex e-con e-parent\" data-id=\"d3cd8ae\" data-element_type=\"container\" data-e-type=\"container\">\n\t\t\t\t<div class=\"elementor-element elementor-element-5c41982 elementor-widget elementor-widget-google_maps\" data-id=\"5c41982\" data-element_type=\"widget\" data-e-type=\"widget\" data-widget_type=\"google_maps.default\">\n\t\t\t\t\t\t\t<div class=\"elementor-custom-embed\">\n\t\t\t<iframe loading=\"lazy\"\n\t\t\t\t\tsrc=\"https:\/\/maps.google.com\/maps?q=Bartk%C3%B3wka%20113A%2C%2036-065%20Dyn%C3%B3w&#038;t=m&#038;z=14&#038;output=embed&#038;iwloc=near\"\n\t\t\t\t\ttitle=\"Bartk\u00f3wka 113A, 36-065 Dyn\u00f3w\"\n\t\t\t\t\taria-label=\"Bartk\u00f3wka 113A, 36-065 Dyn\u00f3w\"\n\t\t\t><\/iframe>\n\t\t<\/div>\n\t\t\t\t\t\t<\/div>\n\t\t\t\t<\/div>\n\t\t\t\t<\/div>\n\t\t","protected":false},"excerpt":{"rendered":"<p>Kontakt Dane adresowe Parafia Rzymskokatolickapw. \u015bw. Bart\u0142omieja w Dynowieul. Bartk\u00f3wka 113A36-065 Dyn\u00f3w Numer telefonu:+48 16 652 19 06 Adres e-mail:parafia.bartkowka@gmail.com [&hellip;]<\/p>\n","protected":false},"author":1,"featured_media":0,"parent":0,"menu_order":0,"comment_status":"closed","ping_status":"closed","template":"","meta":{"site-sidebar-layout":"no-sidebar","site-content-layout":"","ast-site-content-layout":"full-width-container","site-content-style":"default","site-sidebar-style":"default","ast-global-header-display":"","ast-banner-title-visibility":"","ast-main-header-display":"","ast-hfb-above-header-display":"","ast-hfb-below-header-display":"","ast-hfb-mobile-header-display":"","site-post-title":"disabled","ast-breadcrumbs-content":"","ast-featured-img":"disabled","footer-sml-layout":"","ast-disable-related-posts":"","theme-transparent-header-meta":"","adv-header-id-meta":"","stick-header-meta":"","header-above-stick-meta":"","header-main-stick-meta":"","header-below-stick-meta":"","astra-migrate-meta-layouts":"default","ast-page-background-enabled":"default","ast-page-background-meta":{"desktop":{"background-color":"var(--ast-global-color-5)","background-image":"","background-repeat":"repeat","background-position":"center center","background-size":"auto","background-attachment":"scroll","background-type":"","background-media":"","overlay-type":"","overlay-color":"","overlay-opacity":"","overlay-gradient":""},"tablet":{"background-color":"","background-image":"","background-repeat":"repeat","background-position":"center center","background-size":"auto","background-attachment":"scroll","background-type":"","background-media":"","overlay-type":"","overlay-color":"","overlay-opacity":"","overlay-gradient":""},"mobile":{"background-color":"","background-image":"","background-repeat":"repeat","background-position":"center center","background-size":"auto","background-attachment":"scroll","background-type":"","background-media":"","overlay-type":"","overlay-color":"","overlay-opacity":"","overlay-gradient":""}},"ast-content-background-meta":{"desktop":{"background-color":"var(--ast-global-color-4)","background-image":"","background-repeat":"repeat","background-position":"center center","background-size":"auto","background-attachment":"scroll","background-type":"","background-media":"","overlay-type":"","overlay-color":"","overlay-opacity":"","overlay-gradient":""},"tablet":{"background-color":"var(--ast-global-color-4)","background-image":"","background-repeat":"repeat","background-position":"center center","background-size":"auto","background-attachment":"scroll","background-type":"","background-media":"","overlay-type":"","overlay-color":"","overlay-opacity":"","overlay-gradient":""},"mobile":{"background-color":"var(--ast-global-color-4)","background-image":"","background-repeat":"repeat","background-position":"center center","background-size":"auto","background-attachment":"scroll","background-type":"","background-media":"","overlay-type":"","overlay-color":"","overlay-opacity":"","overlay-gradient":""}},"footnotes":""},"class_list":["post-65","page","type-page","status-publish","hentry"],"yoast_head":"<!-- This site is optimized with the Yoast SEO plugin v27.4 - https:\/\/yoast.com\/product\/yoast-seo-wordpress\/ -->\n<title>Kontakt - Parafia pw. \u015bw. Bart\u0142omieja w Dynowie<\/title>\n<meta name=\"robots\" content=\"index, follow, max-snippet:-1, max-image-preview:large, max-video-preview:-1\" \/>\n<link rel=\"canonical\" href=\"https:\/\/bartkowka.przemyska.pl\/?page_id=65\" \/>\n<meta property=\"og:locale\" content=\"pl_PL\" \/>\n<meta property=\"og:type\" content=\"article\" \/>\n<meta property=\"og:title\" content=\"Kontakt - Parafia pw. \u015bw. Bart\u0142omieja w Dynowie\" \/>\n<meta property=\"og:description\" content=\"Kontakt Dane adresowe Parafia Rzymskokatolickapw. \u015bw. Bart\u0142omieja w Dynowieul. Bartk\u00f3wka 113A36-065 Dyn\u00f3w Numer telefonu:+48 16 652 19 06 Adres e-mail:parafia.bartkowka@gmail.com [&hellip;]\" \/>\n<meta property=\"og:url\" content=\"https:\/\/bartkowka.przemyska.pl\/?page_id=65\" \/>\n<meta property=\"og:site_name\" content=\"Parafia pw. \u015bw. Bart\u0142omieja w Dynowie\" \/>\n<meta property=\"article:publisher\" content=\"https:\/\/www.facebook.com\/p\/Parafia-w-Bartomieja-w-Bartkwce-100071277346388\/\" \/>\n<meta property=\"article:modified_time\" content=\"2026-04-03T20:45:01+00:00\" \/>\n<meta property=\"og:image\" content=\"https:\/\/bartkowka.przemyska.pl\/wp-content\/uploads\/2026\/02\/pieczatka.webp\" \/>\n\t<meta property=\"og:image:width\" content=\"800\" \/>\n\t<meta property=\"og:image:height\" content=\"800\" \/>\n\t<meta property=\"og:image:type\" content=\"image\/webp\" \/>\n<meta name=\"twitter:card\" content=\"summary_large_image\" \/>\n<meta name=\"twitter:label1\" content=\"Szacowany czas czytania\" \/>\n\t<meta name=\"twitter:data1\" content=\"1 minuta\" \/>\n<script type=\"application\/ld+json\" class=\"yoast-schema-graph\">{\"@context\":\"https:\\\/\\\/schema.org\",\"@graph\":[{\"@type\":\"WebPage\",\"@id\":\"https:\\\/\\\/bartkowka.przemyska.pl\\\/?page_id=65\",\"url\":\"https:\\\/\\\/bartkowka.przemyska.pl\\\/?page_id=65\",\"name\":\"Kontakt - Parafia pw. \u015bw. Bart\u0142omieja w Dynowie\",\"isPartOf\":{\"@id\":\"https:\\\/\\\/bartkowka.przemyska.pl\\\/#website\"},\"primaryImageOfPage\":{\"@id\":\"https:\\\/\\\/bartkowka.przemyska.pl\\\/?page_id=65#primaryimage\"},\"image\":{\"@id\":\"https:\\\/\\\/bartkowka.przemyska.pl\\\/?page_id=65#primaryimage\"},\"thumbnailUrl\":\"https:\\\/\\\/bartkowka.przemyska.pl\\\/wp-content\\\/uploads\\\/2026\\\/02\\\/pieczatka-150x150.webp\",\"datePublished\":\"2026-02-21T16:43:29+00:00\",\"dateModified\":\"2026-04-03T20:45:01+00:00\",\"breadcrumb\":{\"@id\":\"https:\\\/\\\/bartkowka.przemyska.pl\\\/?page_id=65#breadcrumb\"},\"inLanguage\":\"pl-PL\",\"potentialAction\":[{\"@type\":\"ReadAction\",\"target\":[\"https:\\\/\\\/bartkowka.przemyska.pl\\\/?page_id=65\"]}]},{\"@type\":\"ImageObject\",\"inLanguage\":\"pl-PL\",\"@id\":\"https:\\\/\\\/bartkowka.przemyska.pl\\\/?page_id=65#primaryimage\",\"url\":\"https:\\\/\\\/bartkowka.przemyska.pl\\\/wp-content\\\/uploads\\\/2026\\\/02\\\/pieczatka.webp\",\"contentUrl\":\"https:\\\/\\\/bartkowka.przemyska.pl\\\/wp-content\\\/uploads\\\/2026\\\/02\\\/pieczatka.webp\",\"width\":800,\"height\":800,\"caption\":\"pieczatka\"},{\"@type\":\"BreadcrumbList\",\"@id\":\"https:\\\/\\\/bartkowka.przemyska.pl\\\/?page_id=65#breadcrumb\",\"itemListElement\":[{\"@type\":\"ListItem\",\"position\":1,\"name\":\"Strona g\u0142\u00f3wna\",\"item\":\"https:\\\/\\\/bartkowka.przemyska.pl\\\/\"},{\"@type\":\"ListItem\",\"position\":2,\"name\":\"Kontakt\"}]},{\"@type\":\"WebSite\",\"@id\":\"https:\\\/\\\/bartkowka.przemyska.pl\\\/#website\",\"url\":\"https:\\\/\\\/bartkowka.przemyska.pl\\\/\",\"name\":\"Parafia pw. \u015bw. Bart\u0142omieja w Dynowie\",\"description\":\"Strona internetowa Parafii pod wezwaniem \u015bwi\u0119tego Bart\u0142omieja w Dynowie - informacje, og\u0142oszenia duszpasterskie, intencje mszalne, aktualno\u015bci, galeria i kontakt.\",\"publisher\":{\"@id\":\"https:\\\/\\\/bartkowka.przemyska.pl\\\/#organization\"},\"alternateName\":\"Parafia Bartk\u00f3wka\",\"potentialAction\":[{\"@type\":\"SearchAction\",\"target\":{\"@type\":\"EntryPoint\",\"urlTemplate\":\"https:\\\/\\\/bartkowka.przemyska.pl\\\/?s={search_term_string}\"},\"query-input\":{\"@type\":\"PropertyValueSpecification\",\"valueRequired\":true,\"valueName\":\"search_term_string\"}}],\"inLanguage\":\"pl-PL\"},{\"@type\":\"Organization\",\"@id\":\"https:\\\/\\\/bartkowka.przemyska.pl\\\/#organization\",\"name\":\"Parafia pw. \u015bw. Bart\u0142omieja w Dynowie\",\"alternateName\":\"Parafia Bartk\u00f3wka\",\"url\":\"https:\\\/\\\/bartkowka.przemyska.pl\\\/\",\"logo\":{\"@type\":\"ImageObject\",\"inLanguage\":\"pl-PL\",\"@id\":\"https:\\\/\\\/bartkowka.przemyska.pl\\\/#\\\/schema\\\/logo\\\/image\\\/\",\"url\":\"https:\\\/\\\/bartkowka.przemyska.pl\\\/wp-content\\\/uploads\\\/2026\\\/02\\\/cropped-logo.png\",\"contentUrl\":\"https:\\\/\\\/bartkowka.przemyska.pl\\\/wp-content\\\/uploads\\\/2026\\\/02\\\/cropped-logo.png\",\"width\":512,\"height\":512,\"caption\":\"Parafia pw. \u015bw. Bart\u0142omieja w Dynowie\"},\"image\":{\"@id\":\"https:\\\/\\\/bartkowka.przemyska.pl\\\/#\\\/schema\\\/logo\\\/image\\\/\"},\"sameAs\":[\"https:\\\/\\\/www.facebook.com\\\/p\\\/Parafia-w-Bartomieja-w-Bartkwce-100071277346388\\\/\"]}]}<\/script>\n<!-- \/ Yoast SEO plugin. -->","yoast_head_json":{"title":"Kontakt - Parafia pw. \u015bw. Bart\u0142omieja w Dynowie","robots":{"index":"index","follow":"follow","max-snippet":"max-snippet:-1","max-image-preview":"max-image-preview:large","max-video-preview":"max-video-preview:-1"},"canonical":"https:\/\/bartkowka.przemyska.pl\/?page_id=65","og_locale":"pl_PL","og_type":"article","og_title":"Kontakt - Parafia pw. \u015bw. Bart\u0142omieja w Dynowie","og_description":"Kontakt Dane adresowe Parafia Rzymskokatolickapw. \u015bw. Bart\u0142omieja w Dynowieul. Bartk\u00f3wka 113A36-065 Dyn\u00f3w Numer telefonu:+48 16 652 19 06 Adres e-mail:parafia.bartkowka@gmail.com [&hellip;]","og_url":"https:\/\/bartkowka.przemyska.pl\/?page_id=65","og_site_name":"Parafia pw. \u015bw. Bart\u0142omieja w Dynowie","article_publisher":"https:\/\/www.facebook.com\/p\/Parafia-w-Bartomieja-w-Bartkwce-100071277346388\/","article_modified_time":"2026-04-03T20:45:01+00:00","og_image":[{"width":800,"height":800,"url":"https:\/\/bartkowka.przemyska.pl\/wp-content\/uploads\/2026\/02\/pieczatka.webp","type":"image\/webp"}],"twitter_card":"summary_large_image","twitter_misc":{"Szacowany czas czytania":"1 minuta"},"schema":{"@context":"https:\/\/schema.org","@graph":[{"@type":"WebPage","@id":"https:\/\/bartkowka.przemyska.pl\/?page_id=65","url":"https:\/\/bartkowka.przemyska.pl\/?page_id=65","name":"Kontakt - Parafia pw. \u015bw. Bart\u0142omieja w Dynowie","isPartOf":{"@id":"https:\/\/bartkowka.przemyska.pl\/#website"},"primaryImageOfPage":{"@id":"https:\/\/bartkowka.przemyska.pl\/?page_id=65#primaryimage"},"image":{"@id":"https:\/\/bartkowka.przemyska.pl\/?page_id=65#primaryimage"},"thumbnailUrl":"https:\/\/bartkowka.przemyska.pl\/wp-content\/uploads\/2026\/02\/pieczatka-150x150.webp","datePublished":"2026-02-21T16:43:29+00:00","dateModified":"2026-04-03T20:45:01+00:00","breadcrumb":{"@id":"https:\/\/bartkowka.przemyska.pl\/?page_id=65#breadcrumb"},"inLanguage":"pl-PL","potentialAction":[{"@type":"ReadAction","target":["https:\/\/bartkowka.przemyska.pl\/?page_id=65"]}]},{"@type":"ImageObject","inLanguage":"pl-PL","@id":"https:\/\/bartkowka.przemyska.pl\/?page_id=65#primaryimage","url":"https:\/\/bartkowka.przemyska.pl\/wp-content\/uploads\/2026\/02\/pieczatka.webp","contentUrl":"https:\/\/bartkowka.przemyska.pl\/wp-content\/uploads\/2026\/02\/pieczatka.webp","width":800,"height":800,"caption":"pieczatka"},{"@type":"BreadcrumbList","@id":"https:\/\/bartkowka.przemyska.pl\/?page_id=65#breadcrumb","itemListElement":[{"@type":"ListItem","position":1,"name":"Strona g\u0142\u00f3wna","item":"https:\/\/bartkowka.przemyska.pl\/"},{"@type":"ListItem","position":2,"name":"Kontakt"}]},{"@type":"WebSite","@id":"https:\/\/bartkowka.przemyska.pl\/#website","url":"https:\/\/bartkowka.przemyska.pl\/","name":"Parafia pw. \u015bw. Bart\u0142omieja w Dynowie","description":"Strona internetowa Parafii pod wezwaniem \u015bwi\u0119tego Bart\u0142omieja w Dynowie - informacje, og\u0142oszenia duszpasterskie, intencje mszalne, aktualno\u015bci, galeria i kontakt.","publisher":{"@id":"https:\/\/bartkowka.przemyska.pl\/#organization"},"alternateName":"Parafia Bartk\u00f3wka","potentialAction":[{"@type":"SearchAction","target":{"@type":"EntryPoint","urlTemplate":"https:\/\/bartkowka.przemyska.pl\/?s={search_term_string}"},"query-input":{"@type":"PropertyValueSpecification","valueRequired":true,"valueName":"search_term_string"}}],"inLanguage":"pl-PL"},{"@type":"Organization","@id":"https:\/\/bartkowka.przemyska.pl\/#organization","name":"Parafia pw. \u015bw. Bart\u0142omieja w Dynowie","alternateName":"Parafia Bartk\u00f3wka","url":"https:\/\/bartkowka.przemyska.pl\/","logo":{"@type":"ImageObject","inLanguage":"pl-PL","@id":"https:\/\/bartkowka.przemyska.pl\/#\/schema\/logo\/image\/","url":"https:\/\/bartkowka.przemyska.pl\/wp-content\/uploads\/2026\/02\/cropped-logo.png","contentUrl":"https:\/\/bartkowka.przemyska.pl\/wp-content\/uploads\/2026\/02\/cropped-logo.png","width":512,"height":512,"caption":"Parafia pw. \u015bw. Bart\u0142omieja w Dynowie"},"image":{"@id":"https:\/\/bartkowka.przemyska.pl\/#\/schema\/logo\/image\/"},"sameAs":["https:\/\/www.facebook.com\/p\/Parafia-w-Bartomieja-w-Bartkwce-100071277346388\/"]}]}},"_links":{"self":[{"href":"https:\/\/bartkowka.przemyska.pl\/index.php?rest_route=\/wp\/v2\/pages\/65","targetHints":{"allow":["GET"]}}],"collection":[{"href":"https:\/\/bartkowka.przemyska.pl\/index.php?rest_route=\/wp\/v2\/pages"}],"about":[{"href":"https:\/\/bartkowka.przemyska.pl\/index.php?rest_route=\/wp\/v2\/types\/page"}],"author":[{"embeddable":true,"href":"https:\/\/bartkowka.przemyska.pl\/index.php?rest_route=\/wp\/v2\/users\/1"}],"replies":[{"embeddable":true,"href":"https:\/\/bartkowka.przemyska.pl\/index.php?rest_route=%2Fwp%2Fv2%2Fcomments&post=65"}],"version-history":[{"count":25,"href":"https:\/\/bartkowka.przemyska.pl\/index.php?rest_route=\/wp\/v2\/pages\/65\/revisions"}],"predecessor-version":[{"id":575,"href":"https:\/\/bartkowka.przemyska.pl\/index.php?rest_route=\/wp\/v2\/pages\/65\/revisions\/575"}],"wp:attachment":[{"href":"https:\/\/bartkowka.przemyska.pl\/index.php?rest_route=%2Fwp%2Fv2%2Fmedia&parent=65"}],"curies":[{"name":"wp","href":"https:\/\/api.w.org\/{rel}","templated":true}]}}